{"id":23,"date":"2017-10-14T19:53:08","date_gmt":"2017-10-14T17:53:08","guid":{"rendered":"https:\/\/tyden.ranapece.cz\/2025\/?page_id=23"},"modified":"2025-05-21T15:14:21","modified_gmt":"2025-05-21T13:14:21","slug":"o-tydnu-rane-pece","status":"publish","type":"page","link":"https:\/\/tyden.ranapece.cz\/2025\/","title":{"rendered":"O T\u00fddnu ran\u00e9 p\u00e9\u010de"},"content":{"rendered":"<p>Od <strong>19. do 25. kv\u011btna 2025 <\/strong>prob\u011bhne u\u017e <strong>18. ro\u010dn\u00edk osv\u011btov\u00e9 kampan\u011b T\u00fdden ran\u00e9 p\u00e9\u010de<\/strong> s\u00a0mottem <strong>Spole\u010dn\u011b, v\u010das<\/strong>. Cel\u00fd t\u00fdden bude zasv\u011bcen informov\u00e1n\u00ed o tom, jak rodin\u00e1m pe\u010duj\u00edc\u00edm o d\u00edt\u011b s posti\u017een\u00edm pom\u00e1h\u00e1 slu\u017eba ran\u00e1 p\u00e9\u010de a pro\u010d je zcela z\u00e1sadn\u00ed spolupr\u00e1ce v\u0161ech odborn\u00edk\u016f nap\u0159\u00ed\u010d resorty, a to p\u0159edev\u0161\u00edm mezi zdravotnictv\u00edm a soci\u00e1ln\u00ed oblast\u00ed.<\/p>\n<p>Spolupr\u00e1ce mezi odborn\u00edky z oblasti zdravotnictv\u00ed a soci\u00e1ln\u00ed sf\u00e9ry je kl\u00ed\u010dov\u00e1 pro zaji\u0161t\u011bn\u00ed v\u010dasn\u00e9 a\u00a0efektivn\u00ed podpory rodin\u00e1m d\u011bt\u00ed s posti\u017een\u00edm. Diagnostika v\u00fdvojov\u00fdch obt\u00ed\u017e\u00ed prob\u00edh\u00e1 \u010dasto u\u00a0pediatr\u016f nebo specializovan\u00fdch l\u00e9ka\u0159\u016f, av\u0161ak po stanoven\u00ed diagn\u00f3zy rodiny mnohdy \u010del\u00ed slo\u017eit\u00e9 orientaci v soci\u00e1ln\u00edm syst\u00e9mu a mohou z\u016fstat bez pot\u0159ebn\u00e9 podpory.<\/p>\n<p>Ran\u00e1 p\u00e9\u010de p\u0159in\u00e1\u0161\u00ed komplexn\u00ed informa\u010dn\u00ed, psychosoci\u00e1ln\u00ed pomoc, kter\u00e1 je nezbytn\u00e1 pro stabilizaci rodiny a optimalizaci v\u00fdvoje d\u00edt\u011bte. Aby v\u0161ak tato podpora byla \u00fa\u010dinn\u00e1, mus\u00ed b\u00fdt rodin\u00e1m dostupn\u00e1 co nejd\u0159\u00edve \u2013 ide\u00e1ln\u011b ihned po rozpozn\u00e1n\u00ed ohro\u017een\u00e9ho v\u00fdvoje d\u00edt\u011bte. Koordinace mezi zdravotn\u00edky a poskytovateli soci\u00e1ln\u00edch slu\u017eeb proto hraje z\u00e1sadn\u00ed roli p\u0159i p\u0159ed\u00e1v\u00e1n\u00ed informac\u00ed a zaji\u0161t\u011bn\u00ed toho, \u017ee \u017e\u00e1dn\u00e1 rodina nez\u016fstane bez pomoci v\u00a0kritick\u00e9m obdob\u00ed.<\/p>\n<p>Leto\u0161n\u00ed ro\u010dn\u00edk pl\u00e1nujeme op\u011bt spolu s Asociac\u00ed ran\u00e9 p\u00e9\u010de \u010cR.<\/p>\n<p><strong>Z\u00e1\u0161titu nad kon\u00e1n\u00edm T\u00fddne ran\u00e9 p\u00e9\u010de p\u0159evzali:<\/strong><\/p>\n<p><a href=\"https:\/\/tyden.ranapece.cz\/2025\/wp-content\/uploads\/sites\/2\/2025\/04\/Poskytnuta-zastita_MZ.pdf\">Ministerstvo zdravotnictv\u00ed<\/a><\/p>\n<p><a href=\"_wp_link_placeholder\" data-wplink-edit=\"true\">Ministerstvo pr\u00e1ce a soci\u00e1ln\u00edch v\u011bc\u00ed<\/a><\/p>\n<p><a href=\"https:\/\/tyden.ranapece.cz\/2025\/wp-content\/uploads\/sites\/2\/2025\/04\/AKCR-0119-2025_03-list-zastity-Tyden-rane-pece-2025.pdf\">Asociace kraj\u016f \u010cR<\/a><\/p>\n<p><a href=\"https:\/\/tyden.ranapece.cz\/2025\/wp-content\/uploads\/sites\/2\/2025\/05\/Leontinka_zastitaTydenRanePece_2025_.pdf\">Nadace Leontinka<\/a><\/p>\n<p><a href=\"https:\/\/tyden.ranapece.cz\/2025\/wp-content\/uploads\/sites\/2\/2025\/05\/zastita-Svetluska_Tyden-rane-pece-2025.jpg\">Nada\u010dn\u00ed fond \u010cesk\u00e9ho rozhlasu &#8211;<\/a><a href=\"https:\/\/tyden.ranapece.cz\/2025\/wp-content\/uploads\/sites\/2\/2025\/05\/zastita-Svetluska_Tyden-rane-pece-2025.jpg\"> sb\u00edrka Sv\u011btlu\u0161ka<\/a><\/p>\n","protected":false},"excerpt":{"rendered":"<p>Od 19. do 25. kv\u011btna 2025 prob\u011bhne u\u017e 18. ro\u010dn\u00edk osv\u011btov\u00e9 kampan\u011b T\u00fdden ran\u00e9 p\u00e9\u010de s\u00a0mottem Spole\u010dn\u011b, v\u010das. Cel\u00fd t\u00fdden bude zasv\u011bcen informov\u00e1n\u00ed o tom, jak rodin\u00e1m pe\u010duj\u00edc\u00edm o d\u00edt\u011b s posti\u017een\u00edm pom\u00e1h\u00e1 slu\u017eba ran\u00e1 p\u00e9\u010de a pro\u010d je zcela z\u00e1sadn\u00ed spolupr\u00e1ce v\u0161ech odborn\u00edk\u016f nap\u0159\u00ed\u010d resorty, a to p\u0159edev\u0161\u00edm mezi zdravotnictv\u00edm a soci\u00e1ln\u00ed oblast\u00ed. Spolupr\u00e1ce [&hellip;]<\/p>\n","protected":false},"author":3,"featured_media":0,"parent":0,"menu_order":0,"comment_status":"closed","ping_status":"closed","template":"","meta":{"footnotes":""},"class_list":["post-23","page","type-page","status-publish","hentry"],"acf":[],"_links":{"self":[{"href":"https:\/\/tyden.ranapece.cz\/2025\/wp-json\/wp\/v2\/pages\/23","targetHints":{"allow":["GET"]}}],"collection":[{"href":"https:\/\/tyden.ranapece.cz\/2025\/wp-json\/wp\/v2\/pages"}],"about":[{"href":"https:\/\/tyden.ranapece.cz\/2025\/wp-json\/wp\/v2\/types\/page"}],"author":[{"embeddable":true,"href":"https:\/\/tyden.ranapece.cz\/2025\/wp-json\/wp\/v2\/users\/3"}],"replies":[{"embeddable":true,"href":"https:\/\/tyden.ranapece.cz\/2025\/wp-json\/wp\/v2\/comments?post=23"}],"version-history":[{"count":77,"href":"https:\/\/tyden.ranapece.cz\/2025\/wp-json\/wp\/v2\/pages\/23\/revisions"}],"predecessor-version":[{"id":3469,"href":"https:\/\/tyden.ranapece.cz\/2025\/wp-json\/wp\/v2\/pages\/23\/revisions\/3469"}],"wp:attachment":[{"href":"https:\/\/tyden.ranapece.cz\/2025\/wp-json\/wp\/v2\/media?parent=23"}],"curies":[{"name":"wp","href":"https:\/\/api.w.org\/{rel}","templated":true}]}}